{"id":23,"date":"2019-07-23T21:40:31","date_gmt":"2019-07-23T21:40:31","guid":{"rendered":"http:\/\/schachklub-schwabach.de\/?page_id=23"},"modified":"2024-10-25T09:32:05","modified_gmt":"2024-10-25T09:32:05","slug":"impressum-2","status":"publish","type":"page","link":"https:\/\/schachklub-schwabach.de\/?page_id=23","title":{"rendered":"Impressum"},"content":{"rendered":"\n<p><strong>Angaben gem\u00e4\u00df \u00a7 5 TMG:<\/strong><br>Schachklub Schwabach v. 1907 e.V .<br>Willi Grimm<br>Klinggraben 15<br>91126 Schwabach<br>Tel: 0173\/6269027<br>Mail: vorstand@schachklub-schwabach.de<br>Internet: http:\/\/www.schachklub-schwabach.de<\/p>\n\n\n\n<p>Eintragung im Vereinsregister<br>Registergericht:Amtsgericht N\u00fcrnberg<br>Registernummer: VR 10 316<\/p>\n\n\n\n<p>Verantwortlich f\u00fcr den Inhalt nach \u00a7 55 Abs. 2 RStV: <br>Willi Grimm, vorstand@schachklub-schwabach.de<\/p>\n\n\n\n<p><strong>Haftungsausschluss<\/strong><\/p>\n\n\n\n<p><strong>1. Inhalt des Onlineangebotes<\/strong><\/p>\n\n\n\n<p>Der Autor \u00fcbernimmt keinerlei\nGew\u00e4hr f\u00fcr die Aktualit\u00e4t, Korrektheit, Vollst\u00e4ndigkeit oder Qualit\u00e4t der\nbereitgestellten Informationen. Haftungsanspr\u00fcche gegen den Autor, welche sich\nauf Sch\u00e4den materieller oder ideeller Art beziehen, die durch die Nutzung oder\nNichtnutzung der dargebotenen Informationen bzw. durch die Nutzung fehlerhafter\nund unvollst\u00e4ndiger Informationen verursacht wurden, sind grunds\u00e4tzlich\nausgeschlossen, sofern seitens des Autors kein nachweislich vors\u00e4tzliches oder\ngrob fahrl\u00e4ssiges Verschulden vorliegt. Alle Angebote sind freibleibend und\nunverbindlich. Der Autor beh\u00e4lt es sich ausdr\u00fccklich vor, Teile der Seiten oder\ndas gesamte Angebot ohne gesonderte Ank\u00fcndigung zu ver\u00e4ndern, zu erg\u00e4nzen, zu\nl\u00f6schen oder die Ver\u00f6ffentlichung zeitweise oder endg\u00fcltig einzustellen.<\/p>\n\n\n\n<p><strong>2. Verweise und Links<\/strong><\/p>\n\n\n\n<p>Bei direkten oder indirekten\nVerweisen auf fremde Webseiten (\u201dHyperlinks\u201d), die au\u00dferhalb des\nVerantwortungsbereiches des Autors liegen, w\u00fcrde eine Haftungsverpflichtung\nausschlie\u00dflich in dem Fall in Kraft treten, in dem der Autor von den Inhalten\nKenntnis hat und es ihm technisch m\u00f6glich und zumutbar w\u00e4re, die Nutzung im\nFalle rechtswidriger Inhalte zu verhindern. Der Autor erkl\u00e4rt hiermit\nausdr\u00fccklich, dass zum Zeitpunkt der Linksetzung keine illegalen Inhalte auf\nden zu verlinkenden Seiten erkennbar waren. Auf die aktuelle und zuk\u00fcnftige\nGestaltung, die Inhalte oder die Urheberschaft der verlinkten\/verkn\u00fcpften\nSeiten hat der Autor keinerlei Einfluss. Deshalb distanziert er sich hiermit\nausdr\u00fccklich von allen Inhalten aller verlinkten \/verkn\u00fcpften Seiten, die nach\nder Linksetzung ver\u00e4ndert wurden. Diese Feststellung gilt f\u00fcr alle innerhalb\ndes eigenen Internetangebotes gesetzten Links und Verweise sowie f\u00fcr\nFremdeintr\u00e4ge in vom Autor eingerichteten G\u00e4steb\u00fcchern, Diskussionsforen,\nLinkverzeichnissen, Mailinglisten und in allen anderen Formen von Datenbanken,\nauf deren Inhalt externe Schreibzugriffe m\u00f6glich sind. F\u00fcr illegale,\nfehlerhafte oder unvollst\u00e4ndige Inhalte und insbesondere f\u00fcr Sch\u00e4den, die aus\nder Nutzung oder Nichtnutzung solcherart dargebotener Informationen entstehen,\nhaftet allein der Anbieter der Seite, auf welche verwiesen wurde, nicht\nderjenige, der \u00fcber Links auf die jeweilige Ver\u00f6ffentlichung lediglich\nverweist.<\/p>\n\n\n\n<p><strong>3. Urheber- und Kennzeichenrecht<\/strong><\/p>\n\n\n\n<p>Der Autor ist bestrebt, in allen\nPublikationen die Urheberrechte der verwendeten Grafiken, Tondokumente,\nVideosequenzen und Texte zu beachten, von ihm selbst erstellte Grafiken,\nTondokumente, Videosequenzen und Texte zu nutzen oder auf lizenzfreie Grafiken,\nTondokumente, Videosequenzen und Texte zur\u00fcckzugreifen. Alle innerhalb des\nInternetangebotes genannten und ggf. durch Dritte gesch\u00e4tzten Marken- und\nWarenzeichen unterliegen uneingeschr\u00e4nkt den Bestimmungen des jeweils g\u00fcltigen\nKennzeichenrechts und den Besitzrechten der jeweiligen eingetragenen\nEigent\u00fcmer. Allein aufgrund der blo\u00dfen Nennung ist nicht der Schluss zu ziehen,\ndass Markenzeichen nicht durch Rechte Dritter gesch\u00e4tzt sind!<\/p>\n\n\n\n<p>Das Copyright f\u00fcr\nver\u00f6ffentlichte, vom Autor selbst erstellte Objekte bleibt allein beim Autor\nder Seiten. Eine Vervielf\u00e4ltigung oder Verwendung solcher Grafiken,\nTondokumente, Videosequenzen und Texte in anderen elektronischen oder\ngedruckten Publikationen ist ohne ausdr\u00fcckliche Zustimmung des Autors nicht\ngestattet.<\/p>\n","protected":false},"excerpt":{"rendered":"<p>Angaben gem\u00e4\u00df \u00a7 5 TMG:Schachklub Schwabach v. 1907 e.V .Willi GrimmKlinggraben 1591126 SchwabachTel: 0173\/6269027Mail: vorstand@schachklub-schwabach.deInternet: http:\/\/www.schachklub-schwabach.de Eintragung im VereinsregisterRegistergericht:Amtsgericht N\u00fcrnbergRegisternummer: VR 10 316 Verantwortlich f\u00fcr den Inhalt nach \u00a7 55 Abs. 2 RStV: Willi Grimm, vorstand@schachklub-schwabach.de Haftungsausschluss 1. Inhalt des Onlineangebotes Der Autor \u00fcbernimmt keinerlei Gew\u00e4hr f\u00fcr die Aktualit\u00e4t, Korrektheit, Vollst\u00e4ndigkeit oder Qualit\u00e4t der bereitgestellten [&hellip;]<\/p>\n","protected":false},"author":1,"featured_media":0,"parent":0,"menu_order":0,"comment_status":"closed","ping_status":"closed","template":"","meta":{"footnotes":""},"class_list":["post-23","page","type-page","status-publish","hentry"],"_links":{"self":[{"href":"https:\/\/schachklub-schwabach.de\/index.php?rest_route=\/wp\/v2\/pages\/23","targetHints":{"allow":["GET"]}}],"collection":[{"href":"https:\/\/schachklub-schwabach.de\/index.php?rest_route=\/wp\/v2\/pages"}],"about":[{"href":"https:\/\/schachklub-schwabach.de\/index.php?rest_route=\/wp\/v2\/types\/page"}],"author":[{"embeddable":true,"href":"https:\/\/schachklub-schwabach.de\/index.php?rest_route=\/wp\/v2\/users\/1"}],"replies":[{"embeddable":true,"href":"https:\/\/schachklub-schwabach.de\/index.php?rest_route=%2Fwp%2Fv2%2Fcomments&post=23"}],"version-history":[{"count":4,"href":"https:\/\/schachklub-schwabach.de\/index.php?rest_route=\/wp\/v2\/pages\/23\/revisions"}],"predecessor-version":[{"id":877,"href":"https:\/\/schachklub-schwabach.de\/index.php?rest_route=\/wp\/v2\/pages\/23\/revisions\/877"}],"wp:attachment":[{"href":"https:\/\/schachklub-schwabach.de\/index.php?rest_route=%2Fwp%2Fv2%2Fmedia&parent=23"}],"curies":[{"name":"wp","href":"https:\/\/api.w.org\/{rel}","templated":true}]}}