{"id":101,"date":"2019-09-24T20:16:56","date_gmt":"2019-09-24T20:16:56","guid":{"rendered":"http:\/\/schachklub-schwabach.de\/?page_id=101"},"modified":"2026-01-13T14:38:31","modified_gmt":"2026-01-13T14:38:31","slug":"spielbetrieb","status":"publish","type":"page","link":"https:\/\/schachklub-schwabach.de\/?page_id=101","title":{"rendered":"Turniere"},"content":{"rendered":"\n<hr class=\"wp-block-separator has-alpha-channel-opacity\"\/>\n\n\n\n<p class=\"has-medium-font-size\"><strong>Schwabacher Turniere <\/strong><\/p>\n\n\n\n<p><strong><a href=\"http:\/\/schachklub-schwabach.de\/wp-content\/uploads\/2026\/01\/2026-01-13_flyer_goldschlaeger_cup.pdf\" data-type=\"link\" data-id=\"http:\/\/schachklub-schwabach.de\/wp-content\/uploads\/2026\/01\/2026-01-13_flyer_goldschlaeger_cup.pdf\">Goldschl\u00e4ger-Cup<\/a><\/strong><br>Der Goldschl\u00e4ger-Cup ist ein Schnellschach-Turnier des SK Schwabach, offen f\u00fcr alle Altersklassen. Die Teilnehmerzahl ist auf 50 begrenzt. <\/p>\n\n\n\n<p><strong>Stadtwerke-Cup<\/strong><br>Der Stadtwerke-Cup ist ein Schachturnier f\u00fcr alle Schwabacher und B\u00fcchenbacher, und wird von den Stadtwerken Schwabach gesponsort. <\/p>\n\n\n\n<p><strong>Stadtmeisterschaft<\/strong><br>DIe Stadtmeisterschaft ist f\u00fcr B\u00fcrger mit Wohnsitz in Schwabach, MItglieder von Schwabacher Vereinen und f\u00fcr Sch\u00fclerinnen und Sch\u00fcler Schwabacher Schulen.<\/p>\n\n\n\n<hr class=\"wp-block-separator has-alpha-channel-opacity\"\/>\n\n\n\n<p class=\"has-medium-font-size\"><strong>Vereinsinterne Turniere<\/strong><\/p>\n\n\n\n<p>Vereinsmeisterschaft<\/p>\n\n\n\n<p>Schnellschachmeisterschaft<\/p>\n\n\n\n<p>Blitzmeisterschaft<\/p>\n\n\n\n<p><\/p>\n","protected":false},"excerpt":{"rendered":"<p>Schwabacher Turniere Goldschl\u00e4ger-CupDer Goldschl\u00e4ger-Cup ist ein Schnellschach-Turnier des SK Schwabach, offen f\u00fcr alle Altersklassen. Die Teilnehmerzahl ist auf 50 begrenzt. Stadtwerke-CupDer Stadtwerke-Cup ist ein Schachturnier f\u00fcr alle Schwabacher und B\u00fcchenbacher, und wird von den Stadtwerken Schwabach gesponsort. StadtmeisterschaftDIe Stadtmeisterschaft ist f\u00fcr B\u00fcrger mit Wohnsitz in Schwabach, MItglieder von Schwabacher Vereinen und f\u00fcr Sch\u00fclerinnen und Sch\u00fcler [&hellip;]<\/p>\n","protected":false},"author":6,"featured_media":0,"parent":0,"menu_order":0,"comment_status":"closed","ping_status":"closed","template":"","meta":{"footnotes":""},"class_list":["post-101","page","type-page","status-publish","hentry"],"_links":{"self":[{"href":"https:\/\/schachklub-schwabach.de\/index.php?rest_route=\/wp\/v2\/pages\/101","targetHints":{"allow":["GET"]}}],"collection":[{"href":"https:\/\/schachklub-schwabach.de\/index.php?rest_route=\/wp\/v2\/pages"}],"about":[{"href":"https:\/\/schachklub-schwabach.de\/index.php?rest_route=\/wp\/v2\/types\/page"}],"author":[{"embeddable":true,"href":"https:\/\/schachklub-schwabach.de\/index.php?rest_route=\/wp\/v2\/users\/6"}],"replies":[{"embeddable":true,"href":"https:\/\/schachklub-schwabach.de\/index.php?rest_route=%2Fwp%2Fv2%2Fcomments&post=101"}],"version-history":[{"count":17,"href":"https:\/\/schachklub-schwabach.de\/index.php?rest_route=\/wp\/v2\/pages\/101\/revisions"}],"predecessor-version":[{"id":1050,"href":"https:\/\/schachklub-schwabach.de\/index.php?rest_route=\/wp\/v2\/pages\/101\/revisions\/1050"}],"wp:attachment":[{"href":"https:\/\/schachklub-schwabach.de\/index.php?rest_route=%2Fwp%2Fv2%2Fmedia&parent=101"}],"curies":[{"name":"wp","href":"https:\/\/api.w.org\/{rel}","templated":true}]}}